{"id":7000,"date":"2024-08-31T15:55:01","date_gmt":"2024-08-31T13:55:01","guid":{"rendered":"https:\/\/rehwald-associates.ch\/mentions-legales\/"},"modified":"2025-01-24T12:31:39","modified_gmt":"2025-01-24T11:31:39","slug":"mentions-legales","status":"publish","type":"page","link":"https:\/\/rehwald-associates.ch\/fr\/mentions-legales\/","title":{"rendered":"Mentions l\u00e9gales"},"content":{"rendered":"\n<p>Rehwald Associates GmbH<br\/>Altk\u00f6nigstra\u00dfe 4a<br\/>61462 K\u00f6nigstein im Taunus<\/p>\n\n<p><strong>Repr\u00e9sent\u00e9 par :<\/strong><br\/>Manuel Rehwald<\/p>\n\n<h2 class=\"wp-block-heading\">Contact<\/h2>\n\n<p>T\u00e9l\u00e9phone : +49 6174 9357 639<br\/>E-mail : info@rehwald-associates.com<\/p>\n\n<h2 class=\"wp-block-heading\">Num\u00e9ro d&rsquo;identification de la taxe sur le chiffre d&rsquo;affaires<\/h2>\n\n<p>Num\u00e9ro d&rsquo;identification de la taxe sur le chiffre d&rsquo;affaires conform\u00e9ment au \u00a7 27 a de la loi sur la taxe sur le chiffre d&rsquo;affaires :<br\/>DE277716332<\/p>\n\n<h2 class=\"wp-block-heading\">Responsable de la r\u00e9daction<\/h2>\n\n<p>Manuel Rehwald<br\/>Altk\u00f6nigstr. 4a<br\/>D-61462 K\u00f6nigstein im Taunus <\/p>\n\n<h2 class=\"wp-block-heading\">R\u00e8glement des litiges de consommation\/organe universel de conciliation<\/h2>\n\n<p>Nous ne sommes pas dispos\u00e9s ou oblig\u00e9s de participer \u00e0 des proc\u00e9dures de r\u00e8glement des litiges devant un organisme de conciliation des consommateurs.<\/p>\n\n<p><\/p>\n","protected":false},"excerpt":{"rendered":"<p>Rehwald Associates GmbHAltk\u00f6nigstra\u00dfe 4a61462 K\u00f6nigstein im Taunus Repr\u00e9sent\u00e9 par :Manuel Rehwald Contact T\u00e9l\u00e9phone : +49 6174 9357 639E-mail : info@rehwald-associates.com Num\u00e9ro d&rsquo;identification de la taxe sur le [&hellip;]<\/p>\n","protected":false},"author":1,"featured_media":0,"parent":0,"menu_order":0,"comment_status":"closed","ping_status":"closed","template":"","meta":{"footnotes":""},"class_list":["post-7000","page","type-page","status-publish","hentry"],"_links":{"self":[{"href":"https:\/\/rehwald-associates.ch\/fr\/wp-json\/wp\/v2\/pages\/7000","targetHints":{"allow":["GET"]}}],"collection":[{"href":"https:\/\/rehwald-associates.ch\/fr\/wp-json\/wp\/v2\/pages"}],"about":[{"href":"https:\/\/rehwald-associates.ch\/fr\/wp-json\/wp\/v2\/types\/page"}],"author":[{"embeddable":true,"href":"https:\/\/rehwald-associates.ch\/fr\/wp-json\/wp\/v2\/users\/1"}],"replies":[{"embeddable":true,"href":"https:\/\/rehwald-associates.ch\/fr\/wp-json\/wp\/v2\/comments?post=7000"}],"version-history":[{"count":2,"href":"https:\/\/rehwald-associates.ch\/fr\/wp-json\/wp\/v2\/pages\/7000\/revisions"}],"predecessor-version":[{"id":7005,"href":"https:\/\/rehwald-associates.ch\/fr\/wp-json\/wp\/v2\/pages\/7000\/revisions\/7005"}],"wp:attachment":[{"href":"https:\/\/rehwald-associates.ch\/fr\/wp-json\/wp\/v2\/media?parent=7000"}],"curies":[{"name":"wp","href":"https:\/\/api.w.org\/{rel}","templated":true}]}}